{"id":583,"date":"2018-05-23T10:56:02","date_gmt":"2018-05-23T10:56:02","guid":{"rendered":"https:\/\/www.leadingcorporatechange.com\/?page_id=583"},"modified":"2018-05-23T10:56:02","modified_gmt":"2018-05-23T10:56:02","slug":"privacy-policy","status":"publish","type":"page","link":"https:\/\/www.leadingcorporatechange.com\/en\/privacy-policy\/","title":{"rendered":"Privacy Policy"},"content":{"rendered":"<h1>Privacy Policy<\/h1>\n<p>&nbsp;<br \/>\n<div class=\"avalex-container\" id=\"avalex-printable\" style=\"position: relative;\">                    <div style=\"display: inline-block; word-break:break-all; \">            <h2>                Inhaltsverzeichnis            <\/h2>        <\/div>                    <ul style=\"padding-left: 0 !important; list-style-type: none !important;\">            <li><a href=\"#allgemeines\">I. Allgemeines<\/a><\/li><li><a href=\"#verantwortliche-stelle\">II. Verantwortliche Stelle<\/a><\/li><li><a href=\"#ihre-rechte\">III. Ihre Rechte<\/a><\/li><li><a href=\"#verarbeitung-personenbezogener-daten-bei-informatorischer-nutzung-unserer-webseite\">IV. Verarbeitung personenbezogener Daten bei informatorischer Nutzung unserer Webseite<\/a><\/li><li><a href=\"#weitere-funktionen-und-angebote-unserer-webseite\">V. Weitere Funktionen und Angebote unserer Webseite<\/a><\/li><li><a href=\"#kontaktaufnahme\">VI. Kontaktaufnahme<\/a><\/li><li><a href=\"#ContactForm\">VII. Contact Form 7<\/a><\/li><li><a href=\"#GoogleFonts\">VIII. Google Fonts<\/a><\/li>        <\/ul>        <h2 id=allgemeines>I. Allgemeines<\/h2><p>(1) Nachfolgend informieren wir Sie \u00fcber die Erhebung personenbezogener Daten bei der Nutzung unserer Internetseite.<\/p><p>(2) Der Begriff 'personenbezogene Daten' meint unter Verweis auf die Definition des Art. 4 Nr. 1 der Verordnung (EU) 2016\/679 (nachfolgend bezeichnet als 'Datenschutz-Grundverordnung' bzw. kurz 'DSGVO') alle Daten, die auf Sie pers\u00f6nlich beziehbar sind. Darunter fallen beispielsweise Name, Adresse, E-Mail-Adresse, Nutzerverhalten. Hinsichtlich weiterer Begrifflichkeiten, insbesondere der Begriffe 'Verarbeitung', 'Verantwortlicher', 'Auftragsverarbeiter' und 'Einwilligung', verweisen wir auf die gesetzlichen datenschutzrechtlichen Definitionen des Art. 4 DSGVO.<\/p><p>(3) F\u00fcr Sachverhalte, welche sich in der Schweiz auswirken, auch wenn sie au\u00dferhalb der Schweiz veranlasst werden, gilt auch das Schweizer Bundesgesetz \u00fcber den Datenschutz, nachfolgend bezeichnet als 'DSG'. Wir verwenden hier jedoch durchgehend die Begriffe der DSGVO. Die Begriffe der DSGVO 'Personenbezogene Daten', 'Verarbeitung', 'Auftragsverarbeiter', 'besondere Kategorien von Daten' und Daten\u00fcbertragbarkeit meinen, soweit das DSG greift, auch die im DSG verwendeten Begriffe 'Personendaten', 'Bearbeitung', 'Auftragsbearbeiter', 'Daten\u00fcbertragung' und 'besonders sch\u00fctzenswerte Personendaten' nach dem DSG. Die gesetzliche Bedeutung der Begriffe wird in diesem Fall durch das DSG bestimmt.<\/p><p>(4) Wir verarbeiten personenbezogene Daten grunds\u00e4tzlich nur, soweit dies zur Bereitstellung einer funktionsf\u00e4higen Webseite sowie der von uns angebotenen Inhalte und Leistungen erforderlich ist. Die Verarbeitung personenbezogener Daten erfolgt regelm\u00e4\u00dfig nur dann, wenn Sie uns eine Einwilligung im Sinne des Art. 6 Abs. 1 lit. a) DSGVO erteilt haben oder die Verarbeitung durch gesetzliche Vorschriften, insbesondere durch eine der in Art. 6 Abs. 1 lit. b) bis lit. f) DSGVO genannten Rechtsgrundlagen, gestattet ist.<\/p><p>(5) Ihre personenbezogenen Daten werden gel\u00f6scht oder gesperrt, sobald der Zweck der Speicherung entf\u00e4llt. Eine Speicherung kann dar\u00fcber hinaus dann erfolgen, wenn dies durch nationale oder europ\u00e4ische Vorschriften, denen wir unterliegen, vorgesehen wurde. Eine Sperrung oder L\u00f6schung der Daten erfolgt in diesem Fall dann, wenn die in den jeweiligen Vorschriften vorgeschriebene Speicherfrist abgelaufen ist. Letzteres gilt dann nicht, wenn eine weitere Speicherung der Daten f\u00fcr einen Vertragsabschluss oder eine Vertragserf\u00fcllung erforderlich ist.<\/p><p>(6) Soweit wir f\u00fcr einzelne Funktionen unserer Webseite auf beauftragte Dienstleister zur\u00fcckgreifen oder Ihre Daten f\u00fcr werbliche Zwecke nutzen m\u00f6chten, werden wir Sie nachfolgend im Detail \u00fcber die jeweiligen Vorg\u00e4nge informieren.<\/p><h2 id=verantwortliche-stelle>II. Verantwortliche Stelle<\/h2><p>(1) Verantwortlicher im Sinne des Art. 4 Nr. 7 DSGVO, der sonstigen in den Mitgliedstaaten der Europ\u00e4ischen Union geltenden Datenschutzgesetze und anderer Vorschriften sowie Bestimmungen mit datenschutzrechtlichem Charakter ist:<br\/><br\/>LIFE Advisory GmbH<br>Gesch\u00e4ftsf\u00fchrer: Dr. Michael Schwalbach<br><br>Bockenheimer Landstrasse 17-19<br>60325 Frankfurt am Main<br><br>Tel.: +49 170 9126186<br>E-Mail: <a href=\"mailto:ms@leadingcorporatechange.com\">ms@leadingcorporatechange.com<\/a><br><br>Registergericht: Amtsgericht Frankfurt am Main<br>Registernummer: HRB 89737<\/p><p>(2) Weitere Einzelheiten zur verantwortlichen Stelle k\u00f6nnen Sie unserem Impressum entnehmen.<\/p><h2 id=ihre-rechte>III. Ihre Rechte<\/h2><p>(1) Sie haben uns gegen\u00fcber hinsichtlich der Sie betreffenden personenbezogenen Daten die nachfolgenden Rechte:<\/p><ul><li>das Recht auf Auskunft,<\/li><li>das Recht auf Berichtigung und L\u00f6schung,<\/li><li>das Recht auf Einschr\u00e4nkung der Verarbeitung,<\/li><li>das Recht auf Widerspruch gegen die Verarbeitung,<\/li><li>das Recht auf Daten\u00fcbertragbarkeit.<\/li><\/ul><p>(2) Sie haben zus\u00e4tzlich das Recht, sich bei einer Datenschutz-Aufsichtsbeh\u00f6rde \u00fcber die Verarbeitung Ihrer personenbezogenen Daten durch uns zu beschweren.<\/p><p>(3) Im Geltungsbereich des DSG haben Sie zudem das Recht auf:<\/p><ul><li>Datenherausgabe,<\/li><li>Datenvernichtung<\/li><\/ul><h2 id=verarbeitung-personenbezogener-daten-bei-informatorischer-nutzung-unserer-webseite>IV. Verarbeitung personenbezogener Daten bei informatorischer Nutzung unserer Webseite<\/h2><p>(1) Wenn Sie unsere Webseite aufrufen, ohne sich dabei zu registrieren oder uns auf andere Weise Informationen zukommen zu lassen ('Informatorische Nutzung'), erheben wir nur diejenigen personenbezogenen Daten, die Ihr Webbrowser an unseren Server \u00fcbermittelt. Wenn Sie unsere Webseite betrachten m\u00f6chten, erheben wir die folgenden Daten, die f\u00fcr uns technisch erforderlich sind, um Ihnen die Anzeige unserer Webseite zu erm\u00f6glichen und die Stabilit\u00e4t und Sicherheit zu gew\u00e4hrleisten: IP-Adresse, Datum und Uhrzeit der Anfrage, Zeitzonendifferenz zu GMT, Inhalt der Webseite, Zugriffsstatus (HTTP-Status), \u00fcbertragene Datenmenge, Anforderungs-Website, Webbrowser, Betriebssystem, Sprache und Version des Browsers<\/p><p>(2) Die vorgenannten Daten werden ebenfalls in sog. Logfiles auf unseren Servern gespeichert. Eine Speicherung dieser Daten zusammen mit anderen personenbezogenen Daten von Ihnen findet nicht statt. <\/p><p>(3) Die Speicherung der oben genannten Daten in Logfiles dient der Sicherstellung der Funktionsf\u00e4higkeit und zur Optimierung unserer Webseite sowie zur Sicherstellung der Sicherheit unserer informationstechnischen Systeme.<\/p><p>(4) Eine Auswertung dieser Daten zu Marketingzwecken findet nicht statt.In den vorstehenden Zwecken liegt unser berechtigtes Interesse an der Datenverarbeitung. Rechtsgrundlage f\u00fcr die Erhebung und die vor\u00fcbergehende Speicherung der vorgenannten Daten und der Logfiles ist Art. 6 Abs. 1 S. 1 lit. f) DSGVO.Die vorstehenden Daten zur Bereitstellung unserer Website werden gel\u00f6scht, wenn die jeweilige Sitzung beendet ist. Die Erhebung der vorstehenden Daten zur Bereitstellung unserer Webseite  ist f\u00fcr den Betrieb unserer Website zwingend erforderlich. Es besteht keine Widerspruchsm\u00f6glichkeit.<\/p><h2 id=weitere-funktionen-und-angebote-unserer-webseite>V. Weitere Funktionen und Angebote unserer Webseite<\/h2><p>(1) Neben der vorbeschriebenen informatorischen Nutzung unserer Webseite bieten wir verschiedene Leistungen an, die Sie bei Interesse nutzen k\u00f6nnen. Hierf\u00fcr ist in der Regel die Angabe weiterer personenbezogener Daten notwendig. Diese Daten ben\u00f6tigen wir zur Erbringung der jeweiligen Leistung. Es gelten hierf\u00fcr die vorstehenden Grunds\u00e4tze zur Datenverarbeitung.<\/p><p>(2) Zum Teil greifen wir zur Verarbeitung dieser Daten auf externe Dienstleister zur\u00fcck, die von uns sorgf\u00e4ltig ausgew\u00e4hlt und beauftragt wurden. Diese Dienstleister sind an unsere Weisungen gebunden und werden regelm\u00e4\u00dfig von uns kontrolliert. Soweit personenbezogene Daten im Zuge von Leistungen, die wir gemeinsam mit Partnern anbieten, an Dritte weitergegeben werden, k\u00f6nnen Sie n\u00e4here Informationen den nachfolgenden Beschreibungen der einzelnen Leistungen entnehmen. Soweit diese Dritten ihren Sitz in einem Staat au\u00dferhalb des Europ\u00e4ischen Wirtschaftsraumes haben, k\u00f6nnen Sie n\u00e4here Informationen \u00fcber die Folgen dieses Umstands in den nachfolgenden Beschreibungen der einzelnen Leistungen entnehmen.<\/p><h2 id=kontaktaufnahme>VI. Kontaktaufnahme<\/h2><p>(1) Wenn Sie mit uns per E-Mail Kontakt aufnehmen, werden die von Ihnen an uns mit Ihrer E-Mail \u00fcbermittelten personenbezogenen Daten gespeichert.<\/p><p>(2) Zudem halten wir auf unserer Webseite ein Kontaktformular vor, mit dem Sie Kontakt zu uns aufnehmen k\u00f6nnen. Dabei werden die von Ihnen in die Eingabemaske eingegebenen Daten an uns \u00fcbermittelt und gespeichert: Vorname, Name, E-Mailadresse, Telefon .<\/p><p>(3) Die Daten werden ausschlie\u00dflich zur Beantwortung Ihrer Fragen verwendet. Soweit dies nicht explizit in dieser Datenschutzerkl\u00e4rung angegeben ist, erfolgt keine Weitergabe der Daten an Dritte. Zus\u00e4tzlich erfassen wir Ihre IP-Adresse und den Zeitpunkt der Absendung.<\/p><p>(4) Die Verarbeitung der vorstehenden personenbezogenen Daten dient allein zur Bearbeitung Ihrer Anfragen. <\/p><p>(5) Die Verarbeitung weiterer personenbezogener Daten, die durch die Verwendung des auf unserer Webseite vorgehaltenen Kontaktformulars anfallen, dienen zur Verhinderung des Missbrauchs sowie zur Sicherstellung der Sicherheit unserer informationstechnischen Systeme.<\/p><p>(6) Hierin liegt auch unser berechtigtes Interesse an der Verarbeitung Ihrer personenbezogenen Daten. Soweit Sie uns hierf\u00fcr eine Einwilligung erteilt haben, ist Rechtsgrundlage f\u00fcr die Verarbeitung dieser Daten Art. 6 Abs. 1 lit. a) DSGVO. Im \u00dcbrigen ist Rechtsgrundlage f\u00fcr die Verarbeitung dieser Daten Art. 6 Abs. 1 lit. f) DSGVO, insbesondere f\u00fcr den Fall, dass uns die Daten von Ihnen durch \u00dcbersendung einer E-Mail \u00fcbermittelt werden. Soweit Sie durch Ihre E-Mail auf den Abschluss eines Vertrages hinwirken wollen, stellt Art. 6 Abs. 1 lit. b) DSGVO eine zus\u00e4tzliche Rechtsgrundlage dar.<\/p><p>(7) Die Daten werden vorbehaltlich gesetzlicher Aufbewahrungsfristen gel\u00f6scht, sobald wir Ihre Anfrage abschlie\u00dfend bearbeitet haben. Bei einer Kontaktaufnahme per E-Mail k\u00f6nnen Sie der Speicherung Ihrer personenbezogenen Daten jederzeit widersprechen. Wir weisen Sie darauf hin, dass in diesem Fall Ihre Anfrage nicht weiterbearbeitet werden kann. Den Widerruf oder den Widerspruch k\u00f6nnen Sie durch \u00dcbersendung einer E-Mail an unsere im Impressum angegebene E-Mail-Adresse erkl\u00e4ren. <\/p><div id=\"ContactForm\"><h2>VII. Contact Form 7<\/h2><p>Wir setzen den Dienst auf unserer Website ein. Bei Nutzung des Dienstes werden keine personenbezogenen Daten verarbeitet.<\/p> <p><\/p><\/div><div id=\"GoogleFonts\"><h2>VIII. Google Fonts<\/h2><p>Wir setzen den Dienst auf unserer Website ein.<\/p> <p>Der Dienst erm\u00f6glicht uns die Verwendung externer Schriftarten. Dazu wird beim Abrufen unserer Webseite die ben\u00f6tigte Schriftart von Ihrem Webbrowser in den Browsercache geladen. Dies ist notwendig damit Ihr Browser eine optisch verbesserte Darstellung unserer Texte anzeigen kann. Wenn Ihr Browser diese Funktion nicht unterst\u00fctzt, wird eine Standardschrift von Ihrem Computer zur Anzeige genutzt. Die Einbindung dieser Schriftarten erfolgt durch einen Serveraufruf bei einem Server des Anbieters. Hierdurch wird an den Server \u00fcbermittelt, welche unserer Internetseiten Sie besucht haben. Auch wird die IP-Adresse des Browsers Ihres Endger\u00e4tes vom Anbieter gespeichert. Wir haben keinen Einfluss auf den Umfang und die weitere Verwendung der Daten, die durch den Einsatz des Dienstes seitens des Anbieters erhoben und verarbeitet werden.<\/p> <p>Wir verwenden den Dienst zu Optimierungszwecken, insbesondere um die Nutzung unserer Webseite f\u00fcr Sie zu verbessern und um deren Ausgestaltung nutzerfreundlicher zu machen. <\/p> <p>Der Dienst \u00fcbermittelt personenbezogene Daten in die USA. Die EU-Kommission hat beschlossen, dass dieses Land ein angemessenes Datenschutzniveau bietet (TADPF). Der Dienst hat sich dem TADPF unterworfen.<\/p> <p>Rechtsgrundlage ist Art. 6 Abs. 1 S. 1 lit. f) DSGVO.<\/p> <p>Anbieter:<br>Google Ireland Limited<br>Google Building Gordon House<br>Barrow St<br>4 Dublin<br>Irland<br>Tel. +353 1 543 1000<br>Fax +353 1 686 5660<br>https:\/\/www.google.de\/<\/p> <p>https:\/\/fonts.google.com\/<\/p><\/div><input type=\"hidden\" name=\"avalex-legaltext\" value=\"avalex-datenschutzerklaerung-de-VIPY1HVGru\"><\/div><!-- \/.avalex-container -->\n","protected":false},"excerpt":{"rendered":"<p>Privacy Policy &nbsp;<\/p>\n","protected":false},"author":4,"featured_media":0,"parent":0,"menu_order":0,"comment_status":"closed","ping_status":"closed","template":"","meta":{"_acf_changed":false,"footnotes":""},"class_list":["post-583","page","type-page","status-publish","hentry"],"acf":[],"_links":{"self":[{"href":"https:\/\/www.leadingcorporatechange.com\/en\/wp-json\/wp\/v2\/pages\/583"}],"collection":[{"href":"https:\/\/www.leadingcorporatechange.com\/en\/wp-json\/wp\/v2\/pages"}],"about":[{"href":"https:\/\/www.leadingcorporatechange.com\/en\/wp-json\/wp\/v2\/types\/page"}],"author":[{"embeddable":true,"href":"https:\/\/www.leadingcorporatechange.com\/en\/wp-json\/wp\/v2\/users\/4"}],"replies":[{"embeddable":true,"href":"https:\/\/www.leadingcorporatechange.com\/en\/wp-json\/wp\/v2\/comments?post=583"}],"version-history":[{"count":1,"href":"https:\/\/www.leadingcorporatechange.com\/en\/wp-json\/wp\/v2\/pages\/583\/revisions"}],"predecessor-version":[{"id":584,"href":"https:\/\/www.leadingcorporatechange.com\/en\/wp-json\/wp\/v2\/pages\/583\/revisions\/584"}],"wp:attachment":[{"href":"https:\/\/www.leadingcorporatechange.com\/en\/wp-json\/wp\/v2\/media?parent=583"}],"curies":[{"name":"wp","href":"https:\/\/api.w.org\/{rel}","templated":true}]}}